{"id":8096,"date":"2018-02-28T07:40:29","date_gmt":"2018-02-28T07:40:29","guid":{"rendered":"https:\/\/enovathemes.com\/globax\/?page_id=8096"},"modified":"2020-12-02T13:56:37","modified_gmt":"2020-12-02T16:56:37","slug":"sobre-nosotros","status":"publish","type":"page","link":"https:\/\/roundtrip-logistics.com\/index.php\/sobre-nosotros\/","title":{"rendered":"Sobre nosotros"},"content":{"rendered":"<p>[vc_row gap=&#8221;0&#8243; css=&#8221;.vc_custom_1532006514275{padding-top: 96px !important;}&#8221;][vc_column animation_delay=&#8221;0&#8243; offset=&#8221;vc_col-lg-6 vc_col-md-8 vc_col-xs-12&#8243;]<h3 id=\"et-animated-title-1\" class=\"et-animated-title et-clearfix  words-direct\" data-mobile-font=\"32px\" data-tablet-font=\"inherit\" data-delay=\"0\" style=\"font-size:48px;font-weight:700;line-height:56px;color:#212121;\"><span class=\"text-wrapper\"><span class=\"text\">Contamos con personal con m\u00e1s de 30 a\u00f1os de experiencia en el rubro<\/span><\/span><\/h3>[\/vc_column][vc_column animation_delay=&#8221;0&#8243; width=&#8221;1\/2&#8243; offset=&#8221;vc_hidden-lg vc_hidden-md vc_hidden-sm vc_hidden-xs&#8221;][\/vc_column][\/vc_row][vc_row gap=&#8221;80&#8243; css=&#8221;.vc_custom_1532006500755{padding-bottom: 72px !important;}&#8221;][vc_column width=&#8221;2\/3&#8243;]<div class=\"et-simple-braket-block-wrapper\"><style>#et-simple-braket-block-1 .braket-text {font-size:24px;font-weight:400;line-height:32px;}#et-simple-braket-block-1 .braket > div  {background-color:#1f79cd;}<\/style><div id=\"et-simple-braket-block-1\" class=\"et-simple-braket-block \"><div class=\"braket\"><div><\/div><div><\/div><div><\/div><\/div><div class=\"braket-text\" data-mobile-font=\"inherit\" data-tablet-font=\"inherit\">Somos una empresa cordobesa que brinda servicios de log\u00edstica para importadores \/ exportadores.<\/div><\/div><\/div><div class=\"gap et-clearfix \" style=\"height:32px\"><\/div>[vc_column_text]<\/p>\n<p style=\"font-weight: 400;\">Estamos orientados comercialmente a considerar a nuestros clientes y proveedores como socios estrat\u00e9gicos. Ofrecemos a nuestros clientes una amplia gama de servicios, nos enfocamos en la necesidad de nuestros clientes. Tenemos el conocimiento, la pericia y la flexibilidad que nuestros clientes necesitan. Nos manejamos con est\u00e1ndares internacionales.<\/p>\n<p>[\/vc_column_text][\/vc_column][vc_column animation_delay=&#8221;0&#8243; width=&#8221;1\/3&#8243; css=&#8221;.vc_custom_1530279884745{border-left-width: 1px !important;padding-left: 20% !important;border-left-color: #e0e0e0 !important;border-left-style: solid !important;border-radius: 1px !important;}&#8221; el_class=&#8221;et-element-column-with-border-left&#8221;][vc_custom_heading text=&#8221;SERVICIOS&#8221; font_container=&#8221;tag:h5|text_align:left&#8221; use_theme_fonts=&#8221;yes&#8221; el_class=&#8221;letter-spacing-50&#8243;][vc_column_text]<\/p>\n<ul>\n<li>Exportaci\u00f3n Terrestre<\/li>\n<li>Transporte Mar\u00edtima<\/li>\n<li>Transporte A\u00e9reo<\/li>\n<\/ul>\n<p>[\/vc_column_text][\/vc_column][\/vc_row][vc_row full_width=&#8221;stretch_row&#8221; css=&#8221;.vc_custom_1606928089551{background-color: #f9f9f9 !important;}&#8221;][vc_column width=&#8221;1\/2&#8243;]<div class=\"gap et-clearfix \" style=\"height:32px\"><\/div><div class=\"gap et-clearfix \" style=\"height:32px\"><\/div><h3 id=\"et-animated-title-2\" class=\"et-animated-title et-clearfix  curtain curtain-left\" data-mobile-font=\"inherit\" data-tablet-font=\"inherit\" data-delay=\"0\" style=\"font-weight:700;color:#1f79cd;\"><span class=\"text-wrapper\"><span class=\"text\">Qu\u00e9 hacemos<\/span><span class=\"curtain\" style=\"background-color:#1f79cd;\"><\/span><\/span><\/h3><div class=\"gap et-clearfix \" style=\"height:32px\"><\/div><ul class=\"et-list-icon  small\"><li ><div class=\"icon-wrap\"><div class=\"icon small\" style=\"color:#1f79cd;\"><span class=\"small fa fa-check\"><\/span><\/div><\/div><div>Transporte mar\u00edtimo; a\u00e9reo; terrestre y multimodal desde y hacia cualquier parte del mundo.<\/div><\/li><li ><div class=\"icon-wrap\"><div class=\"icon small\" style=\"color:#1f79cd;\"><span class=\"small fa fa-check\"><\/span><\/div><\/div><div>Servicios de retiro o entrega puerta a puerta.<\/div><\/li><li ><div class=\"icon-wrap\"><div class=\"icon small\" style=\"color:#1f79cd;\"><span class=\"small fa fa-check\"><\/span><\/div><\/div><div>Transporte de carga proyecto (Mercader\u00eda de dif\u00edcil manipulaci\u00f3n por su peso o volumen).<\/div><\/li><li ><div class=\"icon-wrap\"><div class=\"icon small\" style=\"color:#1f79cd;\"><span class=\"small fa fa-check\"><\/span><\/div><\/div><div>Transporte de mercader\u00edas peligrosas.<\/div><\/li><li ><div class=\"icon-wrap\"><div class=\"icon small\" style=\"color:#1f79cd;\"><span class=\"small fa fa-check\"><\/span><\/div><\/div><div>Mudanzas internacionales.<\/div><\/li><li ><div class=\"icon-wrap\"><div class=\"icon small\" style=\"color:#1f79cd;\"><span class=\"small fa fa-check\"><\/span><\/div><\/div><div>Seguro internacional para todos los medios de env\u00edo.<\/div><\/li><li ><div class=\"icon-wrap\"><div class=\"icon small\" style=\"color:#1f79cd;\"><span class=\"small fa fa-check\"><\/span><\/div><\/div><div>Embalajes tradicionales y especiales.<\/div><\/li><\/ul><div class=\"gap et-clearfix \" style=\"height:32px\"><\/div>[\/vc_column][vc_column width=&#8221;1\/2&#8243;]<div class=\"gap et-clearfix \" style=\"height:32px\"><\/div><div class=\"gap et-clearfix \" style=\"height:32px\"><\/div><h3 id=\"et-animated-title-3\" class=\"et-animated-title et-clearfix  curtain curtain-left\" data-mobile-font=\"inherit\" data-tablet-font=\"inherit\" data-delay=\"0\" style=\"font-weight:700;color:#1f79cd;\"><span class=\"text-wrapper\"><span class=\"text\">C\u00f3mo lo hacemos<\/span><span class=\"curtain\" style=\"background-color:#1f79cd;\"><\/span><\/span><\/h3><div class=\"gap et-clearfix \" style=\"height:32px\"><\/div><ul class=\"et-list-icon  small\"><li ><div class=\"icon-wrap\"><div class=\"icon small\" style=\"color:#1f79cd;\"><span class=\"small fa fa-check\"><\/span><\/div><\/div><div>Recursos humanos altamente capacitados y comprometidos con los objetivos de la empresa.<\/div><\/li><li ><div class=\"icon-wrap\"><div class=\"icon small\" style=\"color:#1f79cd;\"><span class=\"small fa fa-check\"><\/span><\/div><\/div><div>Asesoramiento personalizado en todas las etapas de la operaci\u00f3n (contacto personal, de l\u00ednea abierta permanente).<\/div><\/li><li ><div class=\"icon-wrap\"><div class=\"icon small\" style=\"color:#1f79cd;\"><span class=\"small fa fa-check\"><\/span><\/div><\/div><div>Management de proyectos log\u00edsticos: planificaci\u00f3n, ejecuci\u00f3n, seguimiento, control y cierre.<\/div><\/li><li ><div class=\"icon-wrap\"><div class=\"icon small\" style=\"color:#1f79cd;\"><span class=\"small fa fa-check\"><\/span><\/div><\/div><div>Selecci\u00f3n de proveedores con reconocida trayectoria.<\/div><\/li><\/ul><div class=\"gap et-clearfix \" style=\"height:32px\"><\/div>[\/vc_column][\/vc_row][vc_row full_width=&#8221;stretch_row&#8221; gap=&#8221;0&#8243; css=&#8221;.vc_custom_1606927089113{padding-top: 0px !important;padding-bottom: 0px !important;background: #1f79cd url(http:\/\/roundtrip-logistics.com\/wp-content\/uploads\/2018\/07\/globus_image_small_color_3.jpg?id=12731) !important;background-position: center !important;background-repeat: no-repeat !important;background-size: cover !important;}&#8221; el_id=&#8221;background-position-75&#8243;][vc_column]<div class=\"gap et-clearfix hide767\" style=\"height:104px\"><\/div><div class=\"gap et-clearfix hide768\" style=\"height:24px\"><\/div><div class=\"et-ghost-title-wrapper\"><style>#et-ghost-title-1 {min-height:200px;padding-top:100px;}#et-ghost-title-1 .ghost-title {font-size:200px;line-height:200px;font-weight:700;color:rgba(0,0,0,0.1);left:-4px;}<\/style><div id=\"et-ghost-title-1\" class=\"et-ghost-title et-clearfix \" data-mobile-font=\"96px\" data-tablet-font=\"inherit\"><div class=\"ghost-title\">#<\/div><div class=\"ghost-content et-clearfix\">[vc_custom_heading text=&#8221;Round Trip Logistics<br \/>\nen n\u00fameros&#8221; font_container=&#8221;tag:h3|font_size:70px|text_align:left|color:%23ffffff|line_height:70px&#8221; use_theme_fonts=&#8221;yes&#8221; mobile_font_size=&#8221;32px&#8221;][vc_row_inner][vc_column_inner width=&#8221;1\/2&#8243; offset=&#8221;vc_col-lg-3 vc_col-md-3 vc_col-xs-12&#8243;]<div class=\"gap et-clearfix \" style=\"height:8px\"><\/div><p data-to=\"9845\" class=\"et-counter et-clearfix\" style=\"font-size:48px;font-weight:400;line-height:56px;color:#212121;\"><span class=\"counter\"><\/span><span class=\"prefix\">M<\/span><\/p><h6 class=\"et-highlight-title \" style=\"font-size:12px;font-weight:700;line-height:26px;letter-spacing:0.5px;color:#ffffff;\" data-mobile-font=\"inherit\" data-tablet-font=\"inherit\"><span class=\"title-inner\">KM RECORRIDOS<span class=\"highlight-line\" style=\"background-color:#ffffff;\"><\/span><\/span><\/h6>[\/vc_column_inner][vc_column_inner width=&#8221;1\/2&#8243; offset=&#8221;vc_col-lg-3 vc_col-md-3 vc_col-xs-12&#8243;]<div class=\"gap et-clearfix \" style=\"height:8px\"><\/div><p data-to=\"241\" class=\"et-counter et-clearfix\" style=\"font-size:48px;font-weight:400;line-height:56px;color:#212121;\"><span class=\"counter\"><\/span><\/p><h6 class=\"et-highlight-title \" style=\"font-size:12px;font-weight:700;line-height:26px;letter-spacing:0.5px;color:#ffffff;\" data-mobile-font=\"inherit\" data-tablet-font=\"inherit\"><span class=\"title-inner\">PAISES<span class=\"highlight-line\" style=\"background-color:#ffffff;\"><\/span><\/span><\/h6>[\/vc_column_inner][vc_column_inner width=&#8221;1\/2&#8243; offset=&#8221;vc_col-lg-3 vc_col-md-3 vc_col-xs-12&#8243;]<div class=\"gap et-clearfix \" style=\"height:8px\"><\/div><p data-to=\"98491\" class=\"et-counter et-clearfix\" style=\"font-size:48px;font-weight:400;line-height:56px;color:#212121;\"><span class=\"counter\"><\/span><\/p><h6 class=\"et-highlight-title \" style=\"font-size:12px;font-weight:700;line-height:26px;letter-spacing:0.5px;color:#ffffff;\" data-mobile-font=\"inherit\" data-tablet-font=\"inherit\"><span class=\"title-inner\">CLIENTES SATISFECHOS<span class=\"highlight-line\" style=\"background-color:#ffffff;\"><\/span><\/span><\/h6>[\/vc_column_inner][vc_column_inner width=&#8221;1\/2&#8243; offset=&#8221;vc_col-lg-3 vc_col-md-3 vc_col-xs-12&#8243;]<div class=\"gap et-clearfix \" style=\"height:8px\"><\/div><p data-to=\"849\" class=\"et-counter et-clearfix\" style=\"font-size:48px;font-weight:400;line-height:56px;color:#212121;\"><span class=\"counter\"><\/span><span class=\"prefix\">K<\/span><\/p><h6 class=\"et-highlight-title \" style=\"font-size:12px;font-weight:700;line-height:26px;letter-spacing:0.5px;color:#ffffff;\" data-mobile-font=\"inherit\" data-tablet-font=\"inherit\"><span class=\"title-inner\">KG TRANSPORTADOS<span class=\"highlight-line\" style=\"background-color:#ffffff;\"><\/span><\/span><\/h6>[\/vc_column_inner][\/vc_row_inner]<\/div><\/div><\/div><div class=\"gap et-clearfix hide768\" style=\"height:48px\"><\/div><div class=\"gap et-clearfix hide767\" style=\"height:150px\"><\/div>[\/vc_column][\/vc_row]<\/p>\n","protected":false},"excerpt":{"rendered":"<p>Leverage agile frameworks to provide a robust synopsis for high level overviews. Iterative approaches to corporate strategy foster collaborative thinking to further the overall value proposition. Organically grow the holistic world view of disruptive innovation via workplace diversity and empowerment.<\/p>\n","protected":false},"author":1,"featured_media":0,"parent":0,"menu_order":0,"comment_status":"closed","ping_status":"closed","template":"page-vc.php","meta":[],"_links":{"self":[{"href":"https:\/\/roundtrip-logistics.com\/index.php\/wp-json\/wp\/v2\/pages\/8096"}],"collection":[{"href":"https:\/\/roundtrip-logistics.com\/index.php\/wp-json\/wp\/v2\/pages"}],"about":[{"href":"https:\/\/roundtrip-logistics.com\/index.php\/wp-json\/wp\/v2\/types\/page"}],"author":[{"embeddable":true,"href":"https:\/\/roundtrip-logistics.com\/index.php\/wp-json\/wp\/v2\/users\/1"}],"replies":[{"embeddable":true,"href":"https:\/\/roundtrip-logistics.com\/index.php\/wp-json\/wp\/v2\/comments?post=8096"}],"version-history":[{"count":37,"href":"https:\/\/roundtrip-logistics.com\/index.php\/wp-json\/wp\/v2\/pages\/8096\/revisions"}],"predecessor-version":[{"id":14037,"href":"https:\/\/roundtrip-logistics.com\/index.php\/wp-json\/wp\/v2\/pages\/8096\/revisions\/14037"}],"wp:attachment":[{"href":"https:\/\/roundtrip-logistics.com\/index.php\/wp-json\/wp\/v2\/media?parent=8096"}],"curies":[{"name":"wp","href":"https:\/\/api.w.org\/{rel}","templated":true}]}}